{"id":7,"date":"2015-08-13T09:16:01","date_gmt":"2015-08-13T08:16:01","guid":{"rendered":"http:\/\/test-install-prestashop.tk\/?page_id=7"},"modified":"2026-04-24T19:00:44","modified_gmt":"2026-04-24T18:00:44","slug":"7-2","status":"publish","type":"page","link":"https:\/\/focuscosplay.fr\/en\/","title":{"rendered":"Presentation"},"content":{"rendered":"<p>[et_pb_section fb_built=&#8221;1&#8243; admin_label=&#8221;header&#8221; _builder_version=&#8221;4.17.3&#8243; background_color=&#8221;#080814&#8243; custom_padding=&#8221;32px|0px|32px|0px|true|false&#8221; global_colors_info=&#8221;{}&#8221;][et_pb_row column_structure=&#8221;2_5,3_5&#8243; admin_label=&#8221;signin&#8221; _builder_version=&#8221;4.17.3&#8243; background_color=&#8221;RGBA(255,255,255,0)&#8221; background_size=&#8221;initial&#8221; background_position=&#8221;top_left&#8221; background_repeat=&#8221;repeat&#8221; width=&#8221;90%&#8221; max_width=&#8221;90%&#8221; custom_padding=&#8221;||51px|||&#8221; global_colors_info=&#8221;{}&#8221;][et_pb_column type=&#8221;2_5&#8243; _builder_version=&#8221;4.17.3&#8243; background_position=&#8221;top_left&#8221; custom_padding=&#8221;5%||||false|false&#8221; custom_padding_tablet=&#8221;10%||||false|false&#8221; custom_padding_phone=&#8221;0%||||false|false&#8221; custom_padding_last_edited=&#8221;on|desktop&#8221; global_colors_info=&#8221;{}&#8221; custom_padding__hover=&#8221;|||&#8221;][et_pb_text admin_label=&#8221;title&#8221; _builder_version=&#8221;4.17.3&#8243; _module_preset=&#8221;default&#8221; text_font=&#8221;Roboto||||||||&#8221; background_color=&#8221;RGBA(255,255,255,0)&#8221; custom_margin=&#8221;|32px|0px|32px|false|false&#8221; global_colors_info=&#8221;{}&#8221;]<\/p>\n<h1><span style=\"color: #f05e39;\">Bienvenue<br \/>\u00e0 Focus Cosplay<\/span><\/h1>\n<p>[\/et_pb_text][et_pb_divider color=&#8221;#F05E39&#8243; divider_weight=&#8221;2px&#8221; _builder_version=&#8221;4.17.3&#8243; _module_preset=&#8221;default&#8221; background_color=&#8221;RGBA(255,255,255,0)&#8221; width=&#8221;33%&#8221; max_width=&#8221;33%&#8221; module_alignment=&#8221;right&#8221; custom_padding=&#8221;||2px|||&#8221; global_colors_info=&#8221;{}&#8221;][\/et_pb_divider][et_pb_text admin_label=&#8221;text&#8221; _builder_version=&#8221;4.27.4&#8243; _module_preset=&#8221;default&#8221; header_4_font=&#8221;Roboto||||||||&#8221; header_4_font_size=&#8221;31px&#8221; header_5_font=&#8221;Roboto|500|||||||&#8221; header_5_text_align=&#8221;left&#8221; header_5_text_color=&#8221;#A5A6B4&#8243; header_5_font_size=&#8221;24px&#8221; background_color=&#8221;RGBA(255,255,255,0)&#8221; global_colors_info=&#8221;{}&#8221;]<\/p>\n<h5><\/h5>\n<h5>Le premier \u00e9v\u00e9nement de photographie de cosplay en France!<br \/>Organis\u00e9 par La Ligue des Cosplayers Extraordinaires.<\/h5>\n<p>&nbsp;<\/p>\n<h5>Ce rendez-vous qui rassemble plus d&#8217;une centaine de cosplayers et photographes internationaux aura lieu les 4, 5 et 6 septembre 2026!<\/h5>\n<p>[\/et_pb_text][et_pb_button button_url=&#8221;https:\/\/focuscosplay.fr\/register&#8221; button_text=&#8221;Inscriptions 2026 &#8211; D\u00e8s \u00e0 pr\u00e9sent !&#8221; button_alignment=&#8221;center&#8221; disabled_on=&#8221;on|on|on&#8221; _builder_version=&#8221;4.27.4&#8243; _module_preset=&#8221;default&#8221; hover_enabled=&#8221;0&#8243; global_colors_info=&#8221;{}&#8221; sticky_enabled=&#8221;0&#8243; disabled=&#8221;on&#8221;][\/et_pb_button][\/et_pb_column][et_pb_column type=&#8221;3_5&#8243; _builder_version=&#8221;4.16.0&#8243; background_color=&#8221;RGBA(255,255,255,0)&#8221; background_enable_image=&#8221;off&#8221; background_position=&#8221;top_left&#8221; custom_padding=&#8221;|||&#8221; global_colors_info=&#8221;{}&#8221; custom_padding__hover=&#8221;|||&#8221;][et_pb_image src=&#8221;https:\/\/focuscosplay.fr\/wp-content\/uploads\/2026\/02\/home_picture1.png&#8221; title_text=&#8221;fenaroart_deamint&#8221; admin_label=&#8221;Image&#8221; _builder_version=&#8221;4.27.4&#8243; _module_preset=&#8221;default&#8221; background_color=&#8221;RGBA(255,255,255,0)&#8221; custom_margin=&#8221;|32px||31px|false|false&#8221; global_colors_info=&#8221;{}&#8221;][\/et_pb_image][\/et_pb_column][\/et_pb_row][\/et_pb_section][et_pb_section fb_built=&#8221;1&#8243; admin_label=&#8221;body&#8221; _builder_version=&#8221;4.17.3&#8243; background_color=&#8221;#080814&#8243; width=&#8221;100%&#8221; max_width=&#8221;100%&#8221; custom_padding=&#8221;32px|0px|32px||true|false&#8221; animation_style=&#8221;fold&#8221; animation_direction=&#8221;bottom&#8221; animation_intensity_fold=&#8221;4%&#8221; global_colors_info=&#8221;{}&#8221;][et_pb_row column_structure=&#8221;1_4,1_4,1_4,1_4&#8243; admin_label=&#8221;places&#8221; _builder_version=&#8221;4.27.4&#8243; _module_preset=&#8221;default&#8221; background_enable_color=&#8221;off&#8221; width=&#8221;100%&#8221; max_width=&#8221;100%&#8221; custom_margin=&#8221;|auto|42px|auto||&#8221; custom_padding=&#8221;2px||0px|||&#8221; border_width_bottom=&#8221;5px&#8221; border_color_bottom=&#8221;#F05E39&#8243; global_colors_info=&#8221;{}&#8221;][et_pb_column type=&#8221;1_4&#8243; _builder_version=&#8221;4.27.4&#8243; _module_preset=&#8221;default&#8221; background_image=&#8221;https:\/\/focuscosplay.fr\/wp-content\/uploads\/2026\/02\/04-Amandine-Lacoste-Sassa-Costura-scaled.jpg&#8221; custom_padding=&#8221;150px||150px||false|false&#8221; custom_css_main_element=&#8221;margin-right: 0px!important; width: 25%!important;&#8221; global_colors_info=&#8221;{}&#8221;][\/et_pb_column][et_pb_column type=&#8221;1_4&#8243; _builder_version=&#8221;4.27.4&#8243; _module_preset=&#8221;default&#8221; background_image=&#8221;https:\/\/focuscosplay.fr\/wp-content\/uploads\/2026\/02\/05-Clement-FYT-Amas.zone_.jpg&#8221; custom_padding=&#8221;150px||150px||false|false&#8221; custom_css_main_element=&#8221;margin-right: 0px!important; width: 25%!important;&#8221; global_colors_info=&#8221;{}&#8221;][\/et_pb_column][et_pb_column type=&#8221;1_4&#8243; _builder_version=&#8221;4.27.4&#8243; _module_preset=&#8221;default&#8221; background_image=&#8221;https:\/\/focuscosplay.fr\/wp-content\/uploads\/2026\/02\/07-rawraw-shadow-scaled.jpg&#8221; positioning=&#8221;none&#8221; custom_padding=&#8221;150px||150px||false|false&#8221; custom_css_main_element=&#8221;margin-right: 0px!important; width: 25%!important;&#8221; global_colors_info=&#8221;{}&#8221;][\/et_pb_column][et_pb_column type=&#8221;1_4&#8243; _builder_version=&#8221;4.27.4&#8243; _module_preset=&#8221;default&#8221; background_image=&#8221;https:\/\/focuscosplay.fr\/wp-content\/uploads\/2026\/02\/06-Jeune-Ampoule-Selene-scaled.png&#8221; custom_padding=&#8221;150px||150px||true|false&#8221; custom_css_main_element=&#8221;width: 25%!important;&#8221; global_colors_info=&#8221;{}&#8221;][\/et_pb_column][\/et_pb_row][et_pb_row column_structure=&#8221;1_2,1_2&#8243; admin_label=&#8221;title&#8221; _builder_version=&#8221;4.17.3&#8243; _module_preset=&#8221;default&#8221; background_color=&#8221;RGBA(255,255,255,0)&#8221; width=&#8221;90%&#8221; max_width=&#8221;90%&#8221; custom_padding=&#8221;||||false|false&#8221; global_colors_info=&#8221;{}&#8221;][et_pb_column type=&#8221;1_2&#8243; _builder_version=&#8221;4.16.0&#8243; _module_preset=&#8221;default&#8221; global_colors_info=&#8221;{}&#8221;][et_pb_text admin_label=&#8221;title&#8221; _builder_version=&#8221;4.17.3&#8243; _module_preset=&#8221;default&#8221; header_font_size=&#8221;51px&#8221; background_color=&#8221;RGBA(255,255,255,0)&#8221; custom_margin=&#8221;|32px|-1px|32px|false|false&#8221; global_colors_info=&#8221;{}&#8221;]<\/p>\n<h1>Infos pratiques<\/h1>\n<p>[\/et_pb_text][et_pb_divider color=&#8221;#F05E39&#8243; divider_weight=&#8221;2px&#8221; _builder_version=&#8221;4.17.3&#8243; _module_preset=&#8221;default&#8221; background_color=&#8221;RGBA(255,255,255,0)&#8221; width=&#8221;15%&#8221; max_width=&#8221;15%&#8221; module_alignment=&#8221;left&#8221; custom_margin=&#8221;|||0px|false|false&#8221; custom_padding=&#8221;||0px|33%|false|false&#8221; global_colors_info=&#8221;{}&#8221;][\/et_pb_divider][\/et_pb_column][et_pb_column type=&#8221;1_2&#8243; _builder_version=&#8221;4.16.0&#8243; _module_preset=&#8221;default&#8221; global_colors_info=&#8221;{}&#8221;][\/et_pb_column][\/et_pb_row][et_pb_row column_structure=&#8221;1_3,1_3,1_3&#8243; admin_label=&#8221;infos&#8221; _builder_version=&#8221;4.17.3&#8243; _module_preset=&#8221;default&#8221; background_color=&#8221;RGBA(255,255,255,0)&#8221; width=&#8221;90%&#8221; max_width=&#8221;90%&#8221; custom_margin=&#8221;|auto|-110px|auto|false|false&#8221; custom_padding=&#8221;||32px||false|false&#8221; global_colors_info=&#8221;{}&#8221;][et_pb_column type=&#8221;1_3&#8243; _builder_version=&#8221;4.17.3&#8243; _module_preset=&#8221;default&#8221; global_colors_info=&#8221;{}&#8221;][et_pb_code _builder_version=&#8221;4.27.4&#8243; _dynamic_attributes=&#8221;link_option_url&#8221; _module_preset=&#8221;default&#8221; background_color=&#8221;RGBA(255,255,255,0)&#8221; custom_margin=&#8221;|32px||32px|false|false&#8221; link_option_url=&#8221;@ET-DC@eyJkeW5hbWljIjp0cnVlLCJjb250ZW50IjoicG9zdF9saW5rX3VybF9wYWdlIiwic2V0dGluZ3MiOnsicG9zdF9pZCI6IjIxNDM5MSJ9fQ==@&#8221; global_colors_info=&#8221;{}&#8221; custom_css_before__hover_enabled=&#8221;off|desktop&#8221; raw_content__hover_enabled=&#8221;off|desktop&#8221; custom_css_main_element__hover_enabled=&#8221;off|desktop&#8221; custom_css_main_element__hover=&#8221;transition: background-color 2s, color 2s;||background-color: #f05e39;||color: white!important;&#8221;]<\/p>\n<div id=\"cosplayer_card\" style=\"padding-bottom: 25px; border-bottom: 2px solid #f05e39\"><!-- [et_pb_line_break_holder] --><\/p>\n<div style=\"padding-top: 187px; padding-bottom: 187px;background-image: url('https:\/\/focuscosplay.fr\/wp-content\/uploads\/2026\/02\/26faq.jpg'); background-size: cover; background-position-x: center!important; background-repeat: no-repeat;margin-bottom: 20px\"><\/div>\n<p><!-- [et_pb_line_break_holder] --><!-- [et_pb_line_break_holder] --><!-- [et_pb_line_break_holder] --><\/p>\n<style><!-- [et_pb_line_break_holder] -->#cosplayer_card{<!-- [et_pb_line_break_holder] -->transition : background-color 1s, color 1s;<!-- [et_pb_line_break_holder] -->color: #f05e39;<!-- [et_pb_line_break_holder] -->}<!-- [et_pb_line_break_holder] -->#cosplayer_card:hover{<!-- [et_pb_line_break_holder] -->background-color:#f05e39;<!-- [et_pb_line_break_holder] -->color: white!important;<!-- [et_pb_line_break_holder] -->}<!-- [et_pb_line_break_holder] --><!-- [et_pb_line_break_holder] --><\/style>\n<p><!-- [et_pb_line_break_holder] --><\/p>\n<h1 style=\"margin: 10px; color: unset;\"><!-- [et_pb_line_break_holder] -->Infos pratiques et F.A.Q.<!-- [et_pb_line_break_holder] --><\/h1>\n<p><!-- [et_pb_line_break_holder] --><pee style=\"margin: 10px;color: white;\">Consultez la F.A.Q. pour obtenir plus d&#8217;informations sur l&#8217;\u00e9v\u00e8nement !<!\u2013- [et_pb_br_holder] -\u2013><!\u2013- [et_pb_br_holder] -\u2013>Elle sera mise \u00e0 jour avec les futurs d\u00e9tails pour les participants.<\/pee><!-- [et_pb_line_break_holder] --><\/div>\n<p>[\/et_pb_code][\/et_pb_column][et_pb_column type=&#8221;1_3&#8243; _builder_version=&#8221;4.17.3&#8243; _module_preset=&#8221;default&#8221; global_colors_info=&#8221;{}&#8221;][et_pb_code _builder_version=&#8221;4.27.4&#8243; _dynamic_attributes=&#8221;link_option_url&#8221; _module_preset=&#8221;default&#8221; background_color=&#8221;RGBA(255,255,255,0)&#8221; custom_margin=&#8221;|32px||32px|false|false&#8221; link_option_url=&#8221;@ET-DC@eyJkeW5hbWljIjp0cnVlLCJjb250ZW50IjoicG9zdF9saW5rX3VybF9wYWdlIiwic2V0dGluZ3MiOnsicG9zdF9pZCI6IjIxNTY3NSJ9fQ==@&#8221; global_colors_info=&#8221;{}&#8221; custom_css_before__hover_enabled=&#8221;off|desktop&#8221; raw_content__hover_enabled=&#8221;off|desktop&#8221; custom_css_main_element__hover_enabled=&#8221;off|desktop&#8221; custom_css_main_element__hover=&#8221;transition: background-color 2s, color 2s;||background-color: #f05e39;||color: white!important;&#8221;]<\/p>\n<div id=\"place_card\" style=\"padding-bottom: 25px;border-bottom: 2px solid #f05e39\"><!-- [et_pb_line_break_holder] --><\/p>\n<div style=\"padding-top: 187px; padding-bottom: 187px;background-image: url('https:\/\/focuscosplay.fr\/wp-content\/uploads\/2026\/02\/26places.jpg'); background-size: cover; background-position-x: center!important; background-repeat: no-repeat;margin-bottom: 20px\"><\/div>\n<p><!-- [et_pb_line_break_holder] --><!-- [et_pb_line_break_holder] --><!-- [et_pb_line_break_holder] --><\/p>\n<style><!-- [et_pb_line_break_holder] -->#place_card{<!-- [et_pb_line_break_holder] -->transition : background-color 1s, color 1s;<!-- [et_pb_line_break_holder] -->color: #f05e39;<!-- [et_pb_line_break_holder] -->}<!-- [et_pb_line_break_holder] -->#place_card:hover{<!-- [et_pb_line_break_holder] -->background-color:#f05e39;<!-- [et_pb_line_break_holder] -->color: white!important;<!-- [et_pb_line_break_holder] -->}<!-- [et_pb_line_break_holder] --><!-- [et_pb_line_break_holder] --><\/style>\n<p><!-- [et_pb_line_break_holder] --><\/p>\n<h1 style=\"margin: 10px; color: unset;\"> Lieux <\/h1>\n<p><!-- [et_pb_line_break_holder] -->  <pee style=\"margin: 10px;color: white;\">Les Lieux disponibles pour 2026 seront bient\u00f4t annonc\u00e9s sur nos r\u00e9seaux.<!\u2013- [et_pb_br_holder] -\u2013><!\u2013- [et_pb_br_holder] -\u2013>Suivez-nous pour ne rien rater !<\/pee><!-- [et_pb_line_break_holder] --><\/div>\n<p>[\/et_pb_code][\/et_pb_column][et_pb_column type=&#8221;1_3&#8243; _builder_version=&#8221;4.17.3&#8243; _module_preset=&#8221;default&#8221; global_colors_info=&#8221;{}&#8221;][et_pb_code _builder_version=&#8221;4.27.4&#8243; _dynamic_attributes=&#8221;link_option_url&#8221; _module_preset=&#8221;default&#8221; background_color=&#8221;RGBA(255,255,255,0)&#8221; custom_margin=&#8221;|32px||32px|false|false&#8221; link_option_url=&#8221;@ET-DC@eyJkeW5hbWljIjp0cnVlLCJjb250ZW50IjoicG9zdF9saW5rX3VybF9wYWdlIiwic2V0dGluZ3MiOnsicG9zdF9pZCI6IjIxMzc0NCJ9fQ==@&#8221; global_colors_info=&#8221;{}&#8221; custom_css_before__hover_enabled=&#8221;off|desktop&#8221; raw_content__hover_enabled=&#8221;off|desktop&#8221; custom_css_main_element__hover_enabled=&#8221;off|desktop&#8221; custom_css_main_element__hover=&#8221;transition: background-color 2s, color 2s;||background-color: #f05e39;||color: white!important;&#8221;]<\/p>\n<div id=\"photograph_card\" style=\"padding-bottom: 25px;border-bottom: 2px solid #f05e39;\"><!-- [et_pb_line_break_holder] --><\/p>\n<div style=\"padding-top: 187px; padding-bottom: 187px;background-image: url('https:\/\/focuscosplay.fr\/wp-content\/uploads\/2026\/02\/26rules.jpg'); background-size: cover; background-position-x: center!important; background-position-y: 20%!important; background-repeat: no-repeat;margin-bottom: 20px\"><\/div>\n<p><!-- [et_pb_line_break_holder] --><!-- [et_pb_line_break_holder] --><!-- [et_pb_line_break_holder] --><\/p>\n<style><!-- [et_pb_line_break_holder] -->#photograph_card{<!-- [et_pb_line_break_holder] -->transition : background-color 1s, color 1s;<!-- [et_pb_line_break_holder] -->color: #f05e39;<!-- [et_pb_line_break_holder] -->}<!-- [et_pb_line_break_holder] -->#photograph_card:hover{<!-- [et_pb_line_break_holder] -->background-color:#f05e39;<!-- [et_pb_line_break_holder] -->color: white!important;<!-- [et_pb_line_break_holder] -->}<!-- [et_pb_line_break_holder] --><!-- [et_pb_line_break_holder] --><\/style>\n<p><!-- [et_pb_line_break_holder] --><\/p>\n<h1 style=\"margin: 10px; color: unset;\"><!-- [et_pb_line_break_holder] -->R\u00e9glement<!-- [et_pb_line_break_holder] --><\/h1>\n<p><!-- [et_pb_line_break_holder] --><pee style=\"margin: 10px;color: white;\">\u00a0Les inscriptions pour l&#8217;\u00e9dition 2026 sont ouvertes du 25 f\u00e9vrier au 8 avril !<\/pee><!-- [et_pb_line_break_holder] --><pee style=\"margin: 10px;color: white;\">\u00a0Pensez \u00e0 consulter le r\u00e8glement de l&#8217;edition 2026 d\u00e8s \u00e0 pr\u00e9sent !<\/pee><!-- [et_pb_line_break_holder] --><\/div>\n<p>[\/et_pb_code][\/et_pb_column][\/et_pb_row][et_pb_row column_structure=&#8221;1_2,1_2&#8243; admin_label=&#8221;about&#8221; _builder_version=&#8221;4.27.4&#8243; _module_preset=&#8221;default&#8221; background_color=&#8221;RGBA(255,255,255,0)&#8221; width=&#8221;90%&#8221; max_width=&#8221;90%&#8221; custom_margin=&#8221;32px|auto|-5px|auto|false|false&#8221; custom_padding=&#8221;100px||||false|false&#8221; global_colors_info=&#8221;{}&#8221;][et_pb_column type=&#8221;1_2&#8243; _builder_version=&#8221;4.16.0&#8243; _module_preset=&#8221;default&#8221; global_colors_info=&#8221;{}&#8221;][et_pb_text admin_label=&#8221;title&#8221; _builder_version=&#8221;4.21.0&#8243; _module_preset=&#8221;default&#8221; header_font_size=&#8221;51px&#8221; background_color=&#8221;RGBA(255,255,255,0)&#8221; custom_margin=&#8221;|32px|0px|32px|false|false&#8221; global_colors_info=&#8221;{}&#8221;]<\/p>\n<h1>Qui sommes nous ?<\/h1>\n<p>[\/et_pb_text][et_pb_divider color=&#8221;#F05E39&#8243; divider_weight=&#8221;2px&#8221; _builder_version=&#8221;4.21.0&#8243; _module_preset=&#8221;default&#8221; background_color=&#8221;RGBA(255,255,255,0)&#8221; width=&#8221;15%&#8221; max_width=&#8221;15%&#8221; module_alignment=&#8221;left&#8221; custom_margin=&#8221;|||0px|false|false&#8221; custom_padding=&#8221;||0px|33%|false|false&#8221; global_colors_info=&#8221;{}&#8221;][\/et_pb_divider][et_pb_text admin_label=&#8221;text&#8221; _builder_version=&#8221;4.21.0&#8243; _module_preset=&#8221;default&#8221; header_font_size=&#8221;51px&#8221; header_2_font_size=&#8221;31px&#8221; header_3_font_size=&#8221;24px&#8221; header_4_font_size=&#8221;24px&#8221; header_5_font=&#8221;|600|||||||&#8221; header_5_text_color=&#8221;#A5A6B4&#8243; background_color=&#8221;RGBA(255,255,255,0)&#8221; global_colors_info=&#8221;{}&#8221;]<\/p>\n<h3>Nous avons cr\u00e9\u00e9 l&#8217;association La Ligue des Cosplayers Extraordinaires en 2020 dans le but de diversifier les animations autour du cosplay.<\/h3>\n<p>&nbsp;<\/p>\n<h3>Nous voulons aujourd&#8217;hui proposer toujours plus de possibilit\u00e9s avec la cr\u00e9ation de Focus Cosplay pour rassembler photographes et cosplayers \u00e0 l&#8217;occasion d&#8217;un \u00e9v\u00e9nement photographique dans des lieux insolites et atypiques pour la premi\u00e8re fois en France !<\/h3>\n<p>&nbsp;<\/p>\n<h3>Apr\u00e8s un changement de r\u00e9gion en 2025, nous sommes fiers de pouvoir vous proposer ce superbe \u00e9v\u00e8nement pour la cinqui\u00e8me ann\u00e9e en 2026 !<\/h3>\n<p>&nbsp;<\/p>\n<p>&nbsp;<\/p>\n<p>[\/et_pb_text][\/et_pb_column][et_pb_column type=&#8221;1_2&#8243; _builder_version=&#8221;4.27.4&#8243; _module_preset=&#8221;default&#8221; background_enable_image=&#8221;off&#8221; global_colors_info=&#8221;{}&#8221;][et_pb_image src=&#8221;https:\/\/focuscosplay.fr\/wp-content\/uploads\/2026\/02\/home_picture2.png&#8221; title_text=&#8221;home_picture2&#8243; _builder_version=&#8221;4.27.4&#8243; _module_preset=&#8221;default&#8221; background_color=&#8221;RGBA(255,255,255,0)&#8221; global_colors_info=&#8221;{}&#8221;][\/et_pb_image][\/et_pb_column][\/et_pb_row][\/et_pb_section][et_pb_section fb_built=&#8221;1&#8243; disabled_on=&#8221;off|off|off&#8221; admin_label=&#8221;footer&#8221; _builder_version=&#8221;4.17.3&#8243; background_color=&#8221;#080814&#8243; background_enable_image=&#8221;off&#8221; parallax=&#8221;on&#8221; custom_padding=&#8221;32px||32px||true|false&#8221; saved_tabs=&#8221;all&#8221; global_colors_info=&#8221;{}&#8221;][et_pb_row _builder_version=&#8221;4.27.4&#8243; _module_preset=&#8221;default&#8221; global_colors_info=&#8221;{}&#8221;][et_pb_column type=&#8221;4_4&#8243; _builder_version=&#8221;4.27.4&#8243; _module_preset=&#8221;default&#8221; global_colors_info=&#8221;{}&#8221;][et_pb_text _builder_version=&#8221;4.27.4&#8243; _module_preset=&#8221;default&#8221; text_text_color=&#8221;#F05E39&#8243; global_colors_info=&#8221;{}&#8221;]<\/p>\n<p style=\"text-align: center;\">Cr\u00e9dits photos : Daemint par Fenaroart<br \/>Sassa Costura par Amandine Lacoste | Amas.zone par Clement FYT | ShaDow par Rawraw | Selene Fantasy par Jeune Ampoule<br \/>Shinosan par Merey | Crynoelle par Valentin Pictures | Lunneth par ABL<br \/>Focus Cosplay 2025 par KTP<\/p>\n<p>[\/et_pb_text][\/et_pb_column][\/et_pb_row][\/et_pb_section]<\/p>\n","protected":false},"excerpt":{"rendered":"<p>Bienvenue\u00e0 Focus Cosplay Le premier \u00e9v\u00e9nement de photographie de cosplay en France!Organis\u00e9 par La Ligue des Cosplayers Extraordinaires. &nbsp; Ce rendez-vous qui rassemble plus d&#8217;une centaine de cosplayers et photographes internationaux aura lieu les 4, 5 et 6 septembre 2026!Infos pratiquesQui sommes nous ?Nous avons cr\u00e9\u00e9 l&#8217;association La Ligue des Cosplayers Extraordinaires en 2020 dans [&hellip;]<\/p>\n","protected":false},"author":1,"featured_media":0,"parent":0,"menu_order":0,"comment_status":"open","ping_status":"open","template":"","meta":{"_et_pb_use_builder":"on","_et_pb_old_content":"<p>Bienvenue dans WordPress. Ceci est votre premier article. Modifiez-le ou supprimez-le, puis lancez-vous\u00a0!<\/p>","_et_gb_content_width":"","footnotes":""},"wf_page_folders":[23],"class_list":["post-7","page","type-page","status-publish","hentry"],"_links":{"self":[{"href":"https:\/\/focuscosplay.fr\/en\/wp-json\/wp\/v2\/pages\/7","targetHints":{"allow":["GET"]}}],"collection":[{"href":"https:\/\/focuscosplay.fr\/en\/wp-json\/wp\/v2\/pages"}],"about":[{"href":"https:\/\/focuscosplay.fr\/en\/wp-json\/wp\/v2\/types\/page"}],"author":[{"embeddable":true,"href":"https:\/\/focuscosplay.fr\/en\/wp-json\/wp\/v2\/users\/1"}],"replies":[{"embeddable":true,"href":"https:\/\/focuscosplay.fr\/en\/wp-json\/wp\/v2\/comments?post=7"}],"version-history":[{"count":157,"href":"https:\/\/focuscosplay.fr\/en\/wp-json\/wp\/v2\/pages\/7\/revisions"}],"predecessor-version":[{"id":218103,"href":"https:\/\/focuscosplay.fr\/en\/wp-json\/wp\/v2\/pages\/7\/revisions\/218103"}],"wp:attachment":[{"href":"https:\/\/focuscosplay.fr\/en\/wp-json\/wp\/v2\/media?parent=7"}],"wp:term":[{"taxonomy":"wf_page_folders","embeddable":true,"href":"https:\/\/focuscosplay.fr\/en\/wp-json\/wp\/v2\/wf_page_folders?post=7"}],"curies":[{"name":"wp","href":"https:\/\/api.w.org\/{rel}","templated":true}]}}