{"id":46551,"date":"2017-12-06T11:08:55","date_gmt":"2017-12-06T10:08:55","guid":{"rendered":"https:\/\/focuscosplay.fr\/?page_id=46551"},"modified":"2025-03-30T21:25:26","modified_gmt":"2025-03-30T20:25:26","slug":"contact","status":"publish","type":"page","link":"https:\/\/focuscosplay.fr\/en\/contact\/","title":{"rendered":"Contact"},"content":{"rendered":"<p>[et_pb_section fb_built=&#8221;1&#8243; admin_label=&#8221;Contact Info&#8221; _builder_version=&#8221;4.17.3&#8243; background_color=&#8221;RGBA(255,255,255,0)&#8221; custom_padding=&#8221;90px||90px|&#8221; locked=&#8221;off&#8221; global_colors_info=&#8221;{}&#8221;][et_pb_row column_structure=&#8221;1_2,1_2&#8243; _builder_version=&#8221;4.17.3&#8243; width=&#8221;90%&#8221; max_width=&#8221;90%&#8221; custom_width_px=&#8221;710px&#8221; global_colors_info=&#8221;{}&#8221;][et_pb_column type=&#8221;1_2&#8243; _builder_version=&#8221;4.16&#8243; background_position=&#8221;top_left&#8221; custom_padding=&#8221;|||&#8221; global_colors_info=&#8221;{}&#8221; custom_padding__hover=&#8221;|||&#8221;][et_pb_text admin_label=&#8221;text&#8221; _builder_version=&#8221;4.17.3&#8243; _module_preset=&#8221;default&#8221; header_font_size=&#8221;51px&#8221; header_2_font_size=&#8221;31px&#8221; header_3_font_size=&#8221;24px&#8221; header_4_font_size=&#8221;24px&#8221; header_5_font=&#8221;|600|||||||&#8221; header_5_text_color=&#8221;#A5A6B4&#8243; custom_margin=&#8221;|32px|0px|32px|false|false&#8221; global_colors_info=&#8221;{}&#8221;]<\/p>\n<h1 style=\"text-align: left;\">Contactez-nous\u00a0<\/h1>\n<p>[\/et_pb_text][et_pb_divider color=&#8221;#F05E39&#8243; divider_weight=&#8221;2px&#8221; _builder_version=&#8221;4.17.3&#8243; _module_preset=&#8221;default&#8221; background_color=&#8221;RGBA(255,255,255,0)&#8221; width=&#8221;15%&#8221; max_width=&#8221;15%&#8221; module_alignment=&#8221;left&#8221; custom_margin=&#8221;|||0px|false|false&#8221; custom_padding=&#8221;||0px|33%|false|false&#8221; global_colors_info=&#8221;{}&#8221;][\/et_pb_divider][\/et_pb_column][et_pb_column type=&#8221;1_2&#8243; _builder_version=&#8221;4.16&#8243; background_position=&#8221;top_left&#8221; custom_padding=&#8221;|||&#8221; global_colors_info=&#8221;{}&#8221; custom_padding__hover=&#8221;|||&#8221;][\/et_pb_column][\/et_pb_row][et_pb_row column_structure=&#8221;1_2,1_2&#8243; _builder_version=&#8221;4.17.3&#8243; width=&#8221;90%&#8221; max_width=&#8221;90%&#8221; custom_width_px=&#8221;710px&#8221; global_colors_info=&#8221;{}&#8221;][et_pb_column type=&#8221;1_2&#8243; _builder_version=&#8221;4.16&#8243; background_position=&#8221;top_left&#8221; custom_padding=&#8221;|||&#8221; global_colors_info=&#8221;{}&#8221; custom_padding__hover=&#8221;|||&#8221;][et_pb_text admin_label=&#8221;text&#8221; _builder_version=&#8221;4.27.4&#8243; _module_preset=&#8221;default&#8221; header_font_size=&#8221;51px&#8221; header_2_font_size=&#8221;31px&#8221; header_3_font_size=&#8221;24px&#8221; header_4_font_size=&#8221;24px&#8221; header_5_font=&#8221;|600|||||||&#8221; header_5_text_color=&#8221;#A5A6B4&#8243; custom_margin=&#8221;|32px|-1px|32px|false|false&#8221; hover_enabled=&#8221;0&#8243; global_colors_info=&#8221;{}&#8221; sticky_enabled=&#8221;0&#8243;]<\/p>\n<h3 style=\"text-align: left;\">Si vous avez une question concernant Focus Cosplay, son fonctionnement ou votre inscription:<\/h3>\n<p>&nbsp;<\/p>\n<p>[\/et_pb_text][et_pb_button button_url=&#8221;mailto:contact@focuscosplay.fr&#8221; url_new_window=&#8221;on&#8221; button_text=&#8221;contact@focuscosplay.fr&#8221; button_alignment=&#8221;right&#8221; _builder_version=&#8221;4.17.3&#8243; _module_preset=&#8221;default&#8221; global_colors_info=&#8221;{}&#8221;][\/et_pb_button][et_pb_text admin_label=&#8221;text&#8221; _builder_version=&#8221;4.17.3&#8243; _module_preset=&#8221;default&#8221; header_font_size=&#8221;51px&#8221; header_2_font_size=&#8221;31px&#8221; header_3_font_size=&#8221;24px&#8221; header_4_font_size=&#8221;24px&#8221; header_5_font=&#8221;|600|||||||&#8221; header_5_text_color=&#8221;#A5A6B4&#8243; custom_margin=&#8221;|32px|-1px|32px|false|false&#8221; global_colors_info=&#8221;{}&#8221;]<\/p>\n<h3 style=\"text-align: left;\">Si vous rencontrez un soucis li\u00e9 \u00e0 votre compte ou au site de Focus Cosplay:<\/h3>\n<p>&nbsp;<\/p>\n<p>[\/et_pb_text][et_pb_button button_url=&#8221;mailto:contact@focuscosplay.fr&#8221; url_new_window=&#8221;on&#8221; button_text=&#8221;admin@focuscosplay.fr&#8221; button_alignment=&#8221;right&#8221; _builder_version=&#8221;4.24.3&#8243; _module_preset=&#8221;default&#8221; global_colors_info=&#8221;{}&#8221;][\/et_pb_button][\/et_pb_column][et_pb_column type=&#8221;1_2&#8243; _builder_version=&#8221;4.16&#8243; background_position=&#8221;top_left&#8221; custom_padding=&#8221;|||&#8221; global_colors_info=&#8221;{}&#8221; custom_padding__hover=&#8221;|||&#8221;][et_pb_text admin_label=&#8221;text&#8221; _builder_version=&#8221;4.24.3&#8243; _module_preset=&#8221;default&#8221; header_font_size=&#8221;51px&#8221; header_2_font_size=&#8221;31px&#8221; header_3_font_size=&#8221;24px&#8221; header_4_font_size=&#8221;24px&#8221; header_5_font=&#8221;|600|||||||&#8221; header_5_text_color=&#8221;#A5A6B4&#8243; custom_margin=&#8221;|32px|-1px|32px|false|false&#8221; global_colors_info=&#8221;{}&#8221;]<\/p>\n<h3>Vous \u00eates propri\u00e9taire ou g\u00e9rant d&#8217;un lieu atypique que vous souhaitez mettre en valeur au travers de notre \u00e9v\u00e8nement, contactez l&#8217;\u00e9quipe de Focus Cosplay:<\/h3>\n<p>&nbsp;<\/p>\n<p>&nbsp;<\/p>\n<p>[\/et_pb_text][et_pb_button button_url=&#8221;mailto:partenaires@focuscosplay.fr&#8221; url_new_window=&#8221;on&#8221; button_text=&#8221;partenaires@focuscosplay.fr&#8221; button_alignment=&#8221;right&#8221; _builder_version=&#8221;4.17.3&#8243; _module_preset=&#8221;default&#8221; global_colors_info=&#8221;{}&#8221;][\/et_pb_button][\/et_pb_column][\/et_pb_row][\/et_pb_section]<\/p>\n","protected":false},"excerpt":{"rendered":"<p>Contactez-nous\u00a0Si vous avez une question concernant Focus Cosplay, son fonctionnement ou votre inscription: &nbsp;Si vous rencontrez un soucis li\u00e9 \u00e0 votre compte ou au site de Focus Cosplay: &nbsp;Vous \u00eates propri\u00e9taire ou g\u00e9rant d&#8217;un lieu atypique que vous souhaitez mettre en valeur au travers de notre \u00e9v\u00e8nement, contactez l&#8217;\u00e9quipe de Focus Cosplay: &nbsp; &nbsp;<\/p>","protected":false},"author":1,"featured_media":0,"parent":0,"menu_order":0,"comment_status":"closed","ping_status":"closed","template":"","meta":{"_et_pb_use_builder":"on","_et_pb_old_content":"","_et_gb_content_width":"","footnotes":""},"wf_page_folders":[23],"class_list":["post-46551","page","type-page","status-publish","hentry"],"_links":{"self":[{"href":"https:\/\/focuscosplay.fr\/en\/wp-json\/wp\/v2\/pages\/46551","targetHints":{"allow":["GET"]}}],"collection":[{"href":"https:\/\/focuscosplay.fr\/en\/wp-json\/wp\/v2\/pages"}],"about":[{"href":"https:\/\/focuscosplay.fr\/en\/wp-json\/wp\/v2\/types\/page"}],"author":[{"embeddable":true,"href":"https:\/\/focuscosplay.fr\/en\/wp-json\/wp\/v2\/users\/1"}],"replies":[{"embeddable":true,"href":"https:\/\/focuscosplay.fr\/en\/wp-json\/wp\/v2\/comments?post=46551"}],"version-history":[{"count":14,"href":"https:\/\/focuscosplay.fr\/en\/wp-json\/wp\/v2\/pages\/46551\/revisions"}],"predecessor-version":[{"id":216732,"href":"https:\/\/focuscosplay.fr\/en\/wp-json\/wp\/v2\/pages\/46551\/revisions\/216732"}],"wp:attachment":[{"href":"https:\/\/focuscosplay.fr\/en\/wp-json\/wp\/v2\/media?parent=46551"}],"wp:term":[{"taxonomy":"wf_page_folders","embeddable":true,"href":"https:\/\/focuscosplay.fr\/en\/wp-json\/wp\/v2\/wf_page_folders?post=46551"}],"curies":[{"name":"wp","href":"https:\/\/api.w.org\/{rel}","templated":true}]}}