{"id":216360,"date":"2024-07-01T18:40:40","date_gmt":"2024-07-01T16:40:40","guid":{"rendered":"https:\/\/focuscosplay.fr\/?page_id=216360"},"modified":"2025-05-24T09:55:15","modified_gmt":"2025-05-24T08:55:15","slug":"mes-reservations","status":"publish","type":"page","link":"https:\/\/focuscosplay.fr\/en\/mes-reservations\/","title":{"rendered":"My bookings"},"content":{"rendered":"<p>Ce post est r\u00e9serv\u00e9 aux utilisateurs connect\u00e9s.<\/p>","protected":false},"excerpt":{"rendered":"","protected":false},"author":227,"featured_media":0,"parent":0,"menu_order":0,"comment_status":"closed","ping_status":"closed","template":"","meta":{"_et_pb_use_builder":"on","_et_pb_old_content":"","_et_gb_content_width":"","footnotes":""},"wf_page_folders":[23],"class_list":["post-216360","page","type-page","status-publish","hentry"],"_links":{"self":[{"href":"https:\/\/focuscosplay.fr\/en\/wp-json\/wp\/v2\/pages\/216360","targetHints":{"allow":["GET"]}}],"collection":[{"href":"https:\/\/focuscosplay.fr\/en\/wp-json\/wp\/v2\/pages"}],"about":[{"href":"https:\/\/focuscosplay.fr\/en\/wp-json\/wp\/v2\/types\/page"}],"author":[{"embeddable":true,"href":"https:\/\/focuscosplay.fr\/en\/wp-json\/wp\/v2\/users\/227"}],"replies":[{"embeddable":true,"href":"https:\/\/focuscosplay.fr\/en\/wp-json\/wp\/v2\/comments?post=216360"}],"version-history":[{"count":12,"href":"https:\/\/focuscosplay.fr\/en\/wp-json\/wp\/v2\/pages\/216360\/revisions"}],"predecessor-version":[{"id":216838,"href":"https:\/\/focuscosplay.fr\/en\/wp-json\/wp\/v2\/pages\/216360\/revisions\/216838"}],"wp:attachment":[{"href":"https:\/\/focuscosplay.fr\/en\/wp-json\/wp\/v2\/media?parent=216360"}],"wp:term":[{"taxonomy":"wf_page_folders","embeddable":true,"href":"https:\/\/focuscosplay.fr\/en\/wp-json\/wp\/v2\/wf_page_folders?post=216360"}],"curies":[{"name":"wp","href":"https:\/\/api.w.org\/{rel}","templated":true}]}}