{"id":214391,"date":"2022-08-08T19:46:09","date_gmt":"2022-08-08T18:46:09","guid":{"rendered":"https:\/\/focuscosplay.fr\/?page_id=214391"},"modified":"2026-02-23T21:48:16","modified_gmt":"2026-02-23T20:48:16","slug":"faq","status":"publish","type":"page","link":"https:\/\/focuscosplay.fr\/en\/faq\/","title":{"rendered":"F.A.Q."},"content":{"rendered":"<p>[et_pb_section fb_built=&#8221;1&#8243; admin_label=&#8221;lieux&#8221; _builder_version=&#8221;4.17.3&#8243; _module_preset=&#8221;default&#8221; background_color=&#8221;RGBA(255,255,255,0)&#8221; global_colors_info=&#8221;{}&#8221;][et_pb_row column_structure=&#8221;1_3,1_3,1_3&#8243; admin_label=&#8221;title&#8221; _builder_version=&#8221;4.21.0&#8243; _module_preset=&#8221;default&#8221; width=&#8221;90%&#8221; max_width=&#8221;90%&#8221; global_colors_info=&#8221;{}&#8221;][et_pb_column type=&#8221;1_3&#8243; _builder_version=&#8221;4.17.3&#8243; _module_preset=&#8221;default&#8221; global_colors_info=&#8221;{}&#8221;][et_pb_text admin_label=&#8221;title&#8221; _builder_version=&#8221;4.17.4&#8243; _module_preset=&#8221;default&#8221; custom_margin=&#8221;|32px|0px|32px|false|false&#8221; global_colors_info=&#8221;{}&#8221;]<\/p>\n<h1>Infos pratiques et F.A.Q.<\/h1>\n<p>[\/et_pb_text][\/et_pb_column][et_pb_column type=&#8221;1_3&#8243; _builder_version=&#8221;4.17.3&#8243; _module_preset=&#8221;default&#8221; global_colors_info=&#8221;{}&#8221;][et_pb_divider color=&#8221;#F05E39&#8243; divider_weight=&#8221;2px&#8221; _builder_version=&#8221;4.17.3&#8243; _module_preset=&#8221;default&#8221; width=&#8221;15%&#8221; max_width=&#8221;15%&#8221; module_alignment=&#8221;right&#8221; custom_padding=&#8221;||2px|33%|false|false&#8221; global_colors_info=&#8221;{}&#8221;][\/et_pb_divider][\/et_pb_column][et_pb_column type=&#8221;1_3&#8243; _builder_version=&#8221;4.17.3&#8243; _module_preset=&#8221;default&#8221; global_colors_info=&#8221;{}&#8221;][\/et_pb_column][\/et_pb_row][et_pb_row _builder_version=&#8221;4.17.3&#8243; _module_preset=&#8221;default&#8221; width=&#8221;90%&#8221; max_width=&#8221;90%&#8221; global_colors_info=&#8221;{}&#8221;][et_pb_column type=&#8221;4_4&#8243; _builder_version=&#8221;4.17.3&#8243; _module_preset=&#8221;default&#8221; global_colors_info=&#8221;{}&#8221;][et_pb_text _builder_version=&#8221;4.17.4&#8243; _module_preset=&#8221;default&#8221; width=&#8221;80%&#8221; max_width=&#8221;80%&#8221; module_alignment=&#8221;center&#8221; global_colors_info=&#8221;{}&#8221;]<\/p>\n<h5>Qu\u2019est-ce que Focus Cosplay ?<\/h5>\n<p>Focus Cosplay est la premi\u00e8re \u201cphotocon\u201d fran\u00e7aise dont le but est de r\u00e9unir cosplayers, photographes et vid\u00e9astes du monde entier et leur mettre \u00e0 disposition des lieux incroyables afin de r\u00e9aliser des shootings de qualit\u00e9. Cet \u00e9v\u00e8nement est organis\u00e9 par <a href=\"https:\/\/liguecosplay.fr\/\">La Ligue des Cosplayers Extraordinaires<\/a>, association Loi 1901 \u00e0 but non lucratif, cr\u00e9\u00e9e en 2020 pour promouvoir le cosplay sous toutes ses formes.<\/p>\n<p>[\/et_pb_text][et_pb_text _builder_version=&#8221;4.27.4&#8243; _module_preset=&#8221;default&#8221; width=&#8221;80%&#8221; max_width=&#8221;80%&#8221; module_alignment=&#8221;center&#8221; hover_enabled=&#8221;0&#8243; global_colors_info=&#8221;{}&#8221; sticky_enabled=&#8221;0&#8243;]<\/p>\n<h5>O\u00f9 et quand \u00e7a se d\u00e9roule ?<\/h5>\n<p>Focus cosplay aura lieu pour sa quatri\u00e8me \u00e9dition les 4, 5 et 6 Septembre 2026 en Indre-et-Loire. Les lieux de cette \u00e9dition sont \u00e0 d\u00e9couvrir sur notre compte Instagram.<\/p>\n<p>[\/et_pb_text][et_pb_text _builder_version=&#8221;4.24.3&#8243; _module_preset=&#8221;default&#8221; width=&#8221;80%&#8221; max_width=&#8221;80%&#8221; module_alignment=&#8221;center&#8221; global_colors_info=&#8221;{}&#8221;]<\/p>\n<h5>Est-ce que je peux venir librement \u00e0 cet \u00e9v\u00e9nement ?<\/h5>\n<p>Focus cosplay est un \u00e9v\u00e9nement donc l&#8217;acc\u00e8s est soumis \u00e0 une s\u00e9lection. Cela signifie que vous devez soumettre votre candidature et accepter le r\u00e8glement pour pouvoir participer.<\/p>\n<p>[\/et_pb_text][et_pb_text _builder_version=&#8221;4.27.4&#8243; _module_preset=&#8221;default&#8221; width=&#8221;80%&#8221; max_width=&#8221;80%&#8221; module_alignment=&#8221;center&#8221; hover_enabled=&#8221;0&#8243; global_colors_info=&#8221;{}&#8221; sticky_enabled=&#8221;0&#8243;]<\/p>\n<h5>Comment soumettre ma candidature ?<\/h5>\n<p>En soumettant son dossier d\u2019inscription lors des dates d\u2019ouverture indiqu\u00e9es sur le site. Votre candidature sera ensuite analys\u00e9e par un jury qui s\u00e9lectionnera environ 150 artistes (cosplayers et photographes confondus) pour participer \u00e0 l&#8217;\u00e9dition de l&#8217;ann\u00e9e.<\/p>\n<p>[\/et_pb_text][et_pb_text _builder_version=&#8221;4.27.4&#8243; _module_preset=&#8221;default&#8221; width=&#8221;80%&#8221; max_width=&#8221;80%&#8221; module_alignment=&#8221;center&#8221; hover_enabled=&#8221;0&#8243; global_colors_info=&#8221;{}&#8221; sticky_enabled=&#8221;0&#8243;]<\/p>\n<h5>Qui peut participer ?<\/h5>\n<p>Nous acceptons photographes, vid\u00e9astes, cosplayers (que le costume soit achet\u00e9 ou fait main).<br \/>Tout le monde a sa chance et seul votre dossier de candidature compte ! Les diff\u00e9rents r\u00e9seaux ou tout autre crit\u00e8re ne rentrent pas dans les motifs de s\u00e9lection.<\/p>\n<p>Prenez donc bien le temps de compl\u00e9ter votre dossier ! Des informations pouvant vous aider sont accessible sur nos r\u00e9seaux et dans le r\u00e8glement de l&#8217;\u00e9v\u00e8nement.<\/p>\n<p>[\/et_pb_text][et_pb_text _builder_version=&#8221;4.27.4&#8243; _module_preset=&#8221;default&#8221; width=&#8221;80%&#8221; max_width=&#8221;80%&#8221; module_alignment=&#8221;center&#8221; hover_enabled=&#8221;0&#8243; global_colors_info=&#8221;{}&#8221; sticky_enabled=&#8221;0&#8243;]<\/p>\n<h5>Est-ce gratuit ?<\/h5>\n<p>Bien que l\u2019organisation soit \u00e0 but non lucratif, une participation aux frais d\u2019organisation de 32\u20ac sera demand\u00e9e aux participants s\u00e9lectionn\u00e9s.<\/p>\n<p>Pensez, bien-s\u00fbr que les frais de votre venue (transport, h\u00e9bergement et repas) restent \u00e0 la charge de chaque participants et que certains lieux peuvent demander des frais d&#8217;entr\u00e9e suppl\u00e9mentaires.<\/p>\n<p>[\/et_pb_text][et_pb_text _builder_version=&#8221;4.27.4&#8243; _module_preset=&#8221;default&#8221; width=&#8221;80%&#8221; max_width=&#8221;80%&#8221; module_alignment=&#8221;center&#8221; hover_enabled=&#8221;0&#8243; global_colors_info=&#8221;{}&#8221; sticky_enabled=&#8221;0&#8243;]<\/p>\n<h5>O\u00f9 puis-je trouver le r\u00e8glement ?<\/h5>\n<p>Juste ici =&gt; <a href=\"https:\/\/focuscosplay.fr\/reglement\/\">R\u00e8glement de Focus Cosplay<\/a>\u00a0\ud83d\ude00<\/p>\n<p>[\/et_pb_text][et_pb_text _builder_version=&#8221;4.24.3&#8243; _module_preset=&#8221;default&#8221; width=&#8221;80%&#8221; max_width=&#8221;80%&#8221; module_alignment=&#8221;center&#8221; global_colors_info=&#8221;{}&#8221;]<\/p>\n<h5>Comment soutenir l&#8217;\u00e9v\u00e8nement ?<\/h5>\n<p>Il existe plusieurs fa\u00e7ons de nous soutenir :<\/p>\n<ul>\n<li style=\"list-style-type: none;\">\n<ul>\n<li style=\"list-style-type: none;\">\n<ul>\n<li>donations financi\u00e8re aupr\u00e8s de <a href=\"https:\/\/www.paypal.com\/donate\/?hosted_button_id=S3FNYKJAZLMZ8\">La Ligue des Cosplayers Extraordinaires<\/a><\/li>\n<li>donations en nature (mat\u00e9riel, mobilier, etc. )<\/li>\n<li>proposition de partenariat, mise \u00e0 disposition de mat\u00e9riel et de lieux pour les shooting : <a href=\"mailto:partenaires@focuscosplay.fr\" target=\"_blank\" rel=\"noopener\">partenaires@focuscosplay.fr<\/a><\/li>\n<li>en nous suivant sur les r\u00e9seaux sociaux, en commentant, partageant nos publications, en parlant de nous afin de nous permettre de nous d\u00e9velopper !<br \/><a href=\"https:\/\/www.instagram.com\/focus_cosplay\/\" target=\"_blank\" rel=\"noopener\">Instagram<\/a> | <a href=\"https:\/\/www.facebook.com\/focuscosplay\" target=\"_blank\" rel=\"noopener\">Facebook<\/a> | <a href=\"https:\/\/twitter.com\/FocusCosplay\" target=\"_blank\" rel=\"noopener\">Twitter<\/a><\/li>\n<\/ul>\n<\/li>\n<\/ul>\n<\/li>\n<\/ul>\n<p>[\/et_pb_text][\/et_pb_column][\/et_pb_row][et_pb_row disabled_on=&#8221;on|on|on&#8221; _builder_version=&#8221;4.27.4&#8243; _module_preset=&#8221;default&#8221; width=&#8221;90%&#8221; max_width=&#8221;90%&#8221; display_conditions=&#8221;W3siaWQiOiJjMjFmYzYwNi00ZWVmLTQwYzUtYWViYS1iZWMzNzI3MjQ4ZmUiLCJjb25kaXRpb24iOiJ1c2VyUm9sZSIsImNvbmRpdGlvblNldHRpbmdzIjp7ImRpc3BsYXlSdWxlIjoiaXMiLCJ1c2VyUm9sZXMiOlt7ImxhYmVsIjoiQWRtaW5pc3RyYXRvciIsInZhbHVlIjoiYWRtaW5pc3RyYXRvciJ9LHsibGFiZWwiOiJTdWJzY3JpYmVyIiwidmFsdWUiOiJzdWJzY3JpYmVyIn0seyJsYWJlbCI6IkNvc3BsYXllcnMiLCJ2YWx1ZSI6InVtX2Nvc3BsYXllcnMifSx7ImxhYmVsIjoiUGhvdG9ncmFwaGVycyIsInZhbHVlIjoidW1fcGhvdG9ncmFwaGVycyJ9LHsibGFiZWwiOiJWaWRlb2dyYXBoZXJzIiwidmFsdWUiOiJ1bV92aWRlb2dyYXBoZXJzIn0seyJsYWJlbCI6IkNvbWl0w6kgZGUgc8OpbGVjdGlvbiIsInZhbHVlIjoidW1fY3VzdG9tX3JvbGVfMSJ9LHsibGFiZWwiOiJEVU8iLCJ2YWx1ZSI6InVtX2R1byJ9LHsibGFiZWwiOiJTdGFmZiIsInZhbHVlIjoidW1fc3RhZmYifV0sInVzZXJJZHMiOiJVc2VyIElEcyBzZXBhcmF0ZWQgYnkgY29tbWFzIiwiYWRtaW5MYWJlbCI6IlVzZXIgUm9sZSIsImVuYWJsZUNvbmRpdGlvbiI6Im9uIn0sIm9wZXJhdG9yIjoiT1IifV0=&#8221; disabled=&#8221;on&#8221; global_colors_info=&#8221;{}&#8221;][et_pb_column type=&#8221;4_4&#8243; _builder_version=&#8221;4.17.3&#8243; _module_preset=&#8221;default&#8221; global_colors_info=&#8221;{}&#8221;][et_pb_text _builder_version=&#8221;4.24.3&#8243; _module_preset=&#8221;default&#8221; width=&#8221;80%&#8221; max_width=&#8221;80%&#8221; module_alignment=&#8221;center&#8221; global_colors_info=&#8221;{}&#8221;]<\/p>\n<h5>Adresse et horaires du QG<\/h5>\n<p>La Ferme Intention &#8211; Route de Fert\u00f4t 58470 GIMOULLE<br \/>Parking disponible sur place.<\/p>\n<pre><em>Horaires :<\/em><\/pre>\n<p><strong>Jeudi 12 Septembre :<\/strong><br \/>16h : Ouverture du point d\u2019information pour enregistrement et r\u00e9cup\u00e9ration des badges.<br \/>20h : Fermeture du point d\u2019information<\/p>\n<p><strong>Vendredi 13 Septembre<\/strong><br \/>9h : Ouverture du point d\u2019information pour enregistrement et r\u00e9cup\u00e9ration des badges.<br \/>9h : Ouverture des lieux sous surveillance (consulter les pages des lieux pour les horaires individuels)<\/p>\n<p><strong>Samedi 14 Septembre<\/strong> :<br \/>9h : Ouverture du point d\u2019information<br \/>13h : Photo de groupe <strong>( Obligatoire )<br \/><\/strong>\u00a0 19h : Fermeture du point d\u2019information<br \/>20h : Soir\u00e9e \u00e0 \u201cLa ferme intention\u201d, plus d\u2019informations \u00e0 venir<\/p>\n<p><strong>Dimanche 15 Septembre<\/strong><br \/>9h : Ouverture du point d\u2019information<br \/>19h : Fermeture du point d\u2019information<\/p>\n<p>[\/et_pb_text][et_pb_text _builder_version=&#8221;4.24.3&#8243; _module_preset=&#8221;default&#8221; width=&#8221;80%&#8221; max_width=&#8221;80%&#8221; module_alignment=&#8221;center&#8221; global_colors_info=&#8221;{}&#8221;]<\/p>\n<h5>Que trouver au QG ?<\/h5>\n<p>Le point information pour r\u00e9pondre \u00e0 toutes vos interrogations, une buvette, un espace de petite restauration, des toilettes, un vestiaire, un parking.<br \/>Certains espaces autour du QG sont disponibles comme lieux de shooting, voir <a href=\"https:\/\/focuscosplay.fr\/lieux\/\">la page des lieux<\/a> pour les d\u00e9tails.<\/p>\n<p>[\/et_pb_text][et_pb_text _builder_version=&#8221;4.24.3&#8243; _module_preset=&#8221;default&#8221; width=&#8221;80%&#8221; max_width=&#8221;80%&#8221; module_alignment=&#8221;center&#8221; global_colors_info=&#8221;{}&#8221;]<\/p>\n<h5>Comment r\u00e9cup\u00e9rer mon badge ?<\/h5>\n<p>Afin d\u2019acc\u00e9der aux diff\u00e9rents lieux de shoot, un badge est <strong>OBLIGATOIRE<\/strong> pour tout participant ainsi que son ou ses assistants.<br \/>Afin de le r\u00e9cup\u00e9rer, vous devrez vous pr\u00e9senter au point info du QG avec les documents demand\u00e9s : d\u00e9charge et formulaire (transmis par mail courant aout).<br \/>Le point info sera ouvert le jeudi de 16h \u00e0 20h, le vendredi et le samedi d\u00e8s 9h.<\/p>\n<p>[\/et_pb_text][et_pb_text _builder_version=&#8221;4.24.3&#8243; _module_preset=&#8221;default&#8221; width=&#8221;80%&#8221; max_width=&#8221;80%&#8221; module_alignment=&#8221;center&#8221; global_colors_info=&#8221;{}&#8221;]<\/p>\n<h5>Photo de groupe &#8211; Obligatoire<\/h5>\n<p>Elle aura lieu le samedi 14 Septembre \u00e0 13h au QG. La pr\u00e9sence de chacun est requise (cosplayers, photographes, vid\u00e9astes, assistants, membres du staff). Les lieux de shoot seront donc par cons\u00e9quent ferm\u00e9s durant ce laps de temps.<\/p>\n<p>[\/et_pb_text][et_pb_text _builder_version=&#8221;4.24.3&#8243; _module_preset=&#8221;default&#8221; width=&#8221;80%&#8221; max_width=&#8221;80%&#8221; module_alignment=&#8221;center&#8221; global_colors_info=&#8221;{}&#8221;]<\/p>\n<h5>Soir\u00e9e du samedi<\/h5>\n<p>Nous vous proposons un moment de convivialit\u00e9 samedi soir d\u00e8s 20h au point info.<br \/>Au programme un repas (\u00e0 la charge des participants &#8211; tarif \u00e0 venir), \u00e0 l\u2019abri, en toute simplicit\u00e9 pour faire connaissance et partager un bon moment tous ensemble !<\/p>\n<p>[\/et_pb_text][et_pb_text _builder_version=&#8221;4.24.3&#8243; _module_preset=&#8221;default&#8221; width=&#8221;80%&#8221; max_width=&#8221;80%&#8221; module_alignment=&#8221;center&#8221; custom_padding=&#8221;1px|||||&#8221; global_colors_info=&#8221;{}&#8221;]<\/p>\n<h5>Comment organiser les \u00e9changes avec les participants ?<\/h5>\n<pre>Le Discord<\/pre>\n<p>Nous vous recommandons vivement de vous connecter sur le <a href=\"https:\/\/discord.gg\/SNdqWnfRqm\">Discord de l\u2019\u00e9v\u00e8nement<\/a>.<br \/>C\u2019est ici que tous les \u00e9changes seront faits entre participants. L&#8217;acc\u00e8s est totalement gratuit et un guide d\u2019utilisation vous accueillera pour ceux qui ne connaissent pas encore cette plateforme.<\/p>\n<pre>Nombre de cosplay \/ shooting<\/pre>\n<p>Nous vous recommandons de prendre 1 cosplay par jour. \u00c9ventuellement 2 mais il faudra prendre en compte les temps de changements (maquillage et autre).<\/p>\n<p>Nous recommandons \u00e9galement aux cosplayers\/photographe de faire entre 4 et 5 shoots maximum par jour.<\/p>\n<pre>Les duos et groupes<\/pre>\n<p>Si vous souhaitez organiser des groupes ou des duos, nous mettons \u00e0 votre disposition une section sp\u00e9cifique sur le Discord. N\u2019h\u00e9sitez surtout pas \u00e0 utiliser cette option.<\/p>\n<p>&nbsp;<\/p>\n<p><strong>Ce sont des recommandations de notre part mais vous \u00eates libres de vous organiser comme vous le souhaitez !<\/strong><\/p>\n<p>[\/et_pb_text][et_pb_toggle title=&#8221;O\u00f9 dormir \/ o\u00f9 manger ?&#8221; open_toggle_text_color=&#8221;#F05E39&#8243; open_toggle_background_color=&#8221;#080814&#8243; closed_toggle_background_color=&#8221;#080814&#8243; _builder_version=&#8221;4.24.3&#8243; _module_preset=&#8221;default&#8221; title_text_color=&#8221;#F05E39&#8243; body_text_color=&#8221;#A5A6B4&#8243; width=&#8221;80%&#8221; max_width=&#8221;80%&#8221; module_alignment=&#8221;center&#8221; custom_margin=&#8221;||-5px|||&#8221; custom_padding=&#8221;|20px||||&#8221; global_colors_info=&#8221;{}&#8221;]<\/p>\n<p>Le QG de Focus fait parti d&#8217;un ensemble touristique qui propose des logements en bungalow individuels ou \u00e0 partag\u00e9 avec d&#8217;autres participants si vous le souhaitez.<br \/>Les bungalow \u00e9tant \u00e9loign\u00e9s les uns des autres, nous vous recommandons de pr\u00e9cisez lors de votre r\u00e9servation que vous participez \u00e0 l&#8217;\u00e9v\u00e8nement Focus Cosplay. Cela aidera l&#8217;organisation et permettra \u00e0 la g\u00e9rante de regrouper les participants \u00e0 proximit\u00e9. Vous b\u00e9n\u00e9ficierez \u00e9galement d&#8217;une remise, les frais de dossier\/gestion \u00e9tant offerts pour l&#8217;ensemble des participants de Focus Cosplay. Nous vous conseillons de faire votre r\u00e9servation par t\u00e9l\u00e9phone afin de simplifier la d\u00e9marche.<br \/><a href=\"https:\/\/www.capfun.com\/camping-france-bourgogne-grand_cerf-FR.html\">https:\/\/www.capfun.com\/camping-france-bourgogne-grand_cerf-FR.html<\/a><\/p>\n<p>Voici la liste des h\u00e9bergements disponibles autour de Nevers :<br \/><a href=\"https:\/\/www.nevers-tourisme.com\/se-loger\/\">https:\/\/www.nevers-tourisme.com\/se-loger\/<\/a><\/p>\n<p>Voici la liste des restaurants disponibles autour de Nevers :<br \/><a href=\"https:\/\/www.nevers-tourisme.com\/se-restaurer\/\">https:\/\/www.nevers-tourisme.com\/se-restaurer\/<\/a><\/p>\n<p>[\/et_pb_toggle][et_pb_toggle title=&#8221;Lieux propos\u00e9s&#8221; open_toggle_text_color=&#8221;#F05E39&#8243; open_toggle_background_color=&#8221;#080814&#8243; closed_toggle_background_color=&#8221;#080814&#8243; _builder_version=&#8221;4.24.3&#8243; _module_preset=&#8221;default&#8221; title_text_color=&#8221;#F05E39&#8243; body_text_color=&#8221;#A5A6B4&#8243; width=&#8221;80%&#8221; max_width=&#8221;80%&#8221; module_alignment=&#8221;center&#8221; custom_margin=&#8221;||-3px|||&#8221; custom_padding=&#8221;|20px||||&#8221; global_colors_info=&#8221;{}&#8221;]<\/p>\n<p>Durant l\u2019\u00e9v\u00e9nement, divers lieux seront mis \u00e0 disposition et dans diff\u00e9rents styles (monuments, villages, paysages\u2026).<br \/>Retrouvez <a href=\"https:\/\/focuscosplay.fr\/lieux\/\">ici<\/a> tous les endroits disponibles ainsi que la carte interactive.<br \/>Certains lieux pourraient n\u00e9cessiter un acc\u00e8s payant, veuillez bien prendre connaissance de cette information sur la fiche d\u00e9di\u00e9e.<\/p>\n<p>Une partie des lieux est en cours de finalisation et rejoindront la liste finale dans le courant de l&#8217;\u00e9t\u00e9. L&#8217;info sera transmise par annonce Discord donc restez \u00e0 l&#8217;affut.<\/p>\n<p>&nbsp;<\/p>\n<p>[\/et_pb_toggle][et_pb_toggle title=&#8221;Fumig\u00e8nes&#8221; open_toggle_text_color=&#8221;#F05E39&#8243; open_toggle_background_color=&#8221;#080814&#8243; closed_toggle_background_color=&#8221;#080814&#8243; _builder_version=&#8221;4.24.3&#8243; _module_preset=&#8221;default&#8221; title_text_color=&#8221;#F05E39&#8243; body_text_color=&#8221;#A5A6B4&#8243; width=&#8221;80%&#8221; max_width=&#8221;80%&#8221; module_alignment=&#8221;center&#8221; custom_margin=&#8221;||0px|||&#8221; custom_padding=&#8221;|20px||||&#8221; global_colors_info=&#8221;{}&#8221;]<\/p>\n<p>Chaque lieu ayant sa propre r\u00e9glementation, pensez bien \u00e0 v\u00e9rifier sur chaque fiche de lieu si l\u2019utilisation de fumig\u00e8ne est autoris\u00e9e et dans quelles conditions.<\/p>\n<p>[\/et_pb_toggle][et_pb_toggle title=&#8221;Se d\u00e9placer&#8221; open_toggle_text_color=&#8221;#F05E39&#8243; open_toggle_background_color=&#8221;#080814&#8243; closed_toggle_background_color=&#8221;#080814&#8243; _builder_version=&#8221;4.24.3&#8243; _module_preset=&#8221;default&#8221; title_text_color=&#8221;#F05E39&#8243; body_text_color=&#8221;#A5A6B4&#8243; width=&#8221;80%&#8221; max_width=&#8221;80%&#8221; module_alignment=&#8221;center&#8221; custom_margin=&#8221;||-4px|||&#8221; custom_padding=&#8221;|20px||||&#8221; global_colors_info=&#8221;{}&#8221;]<\/p>\n<p>Afin de vous rendre sur les divers lieux de shooting et au QG, il est fortement recommand\u00e9 d\u2019avoir votre propre v\u00e9hicule (ou v\u00e9hicule de location).<br \/>Le covoiturage est bien entendu une possibilit\u00e9 et fortement encourag\u00e9 (un canal discord \u201clogistic-help\u201d est mis en place pour vous aider \u00e0 vous organiser \u00e0 ce sujet).<\/p>\n<p>[\/et_pb_toggle][et_pb_toggle title=&#8221;Venir avec un assistant&#8221; open_toggle_text_color=&#8221;#F05E39&#8243; open_toggle_background_color=&#8221;#080814&#8243; closed_toggle_background_color=&#8221;#080814&#8243; _builder_version=&#8221;4.24.3&#8243; _module_preset=&#8221;default&#8221; title_text_color=&#8221;#F05E39&#8243; body_text_color=&#8221;#A5A6B4&#8243; width=&#8221;80%&#8221; max_width=&#8221;80%&#8221; module_alignment=&#8221;center&#8221; custom_margin=&#8221;||0px|||&#8221; custom_padding=&#8221;|20px||||&#8221; global_colors_info=&#8221;{}&#8221;]<\/p>\n<p>Vous \u00eates autoris\u00e9 \u00e0 venir avec trois (3) accompagnants maximum. Ces derniers devront \u00eatre d\u00e9clar\u00e9s aupr\u00e8s de l\u2019organisation \u00e0 partir du 31\/07\/2024. Les informations vous seront envoy\u00e9es par mail.<br \/>Une participation de 30\u20ac sera demand\u00e9e pour votre ou vos assistants. Ces derniers ne pourront pas venir en cosplay ni prendre de photos officielles (hors backstage et coulisses). Il pourront apparaitre en tant que figurant\/silhouette en arri\u00e8re plan de photos (voir d\u00e9tails dans le <a href=\"https:\/\/focuscosplay.fr\/reglement\/\">r\u00e8glement<\/a>).<\/p>\n<p>[\/et_pb_toggle][et_pb_toggle title=&#8221;Comment communiquer autour de l&#8217;\u00e9v\u00e8nement ?&#8221; open_toggle_text_color=&#8221;#F05E39&#8243; open_toggle_background_color=&#8221;#080814&#8243; closed_toggle_background_color=&#8221;#080814&#8243; _builder_version=&#8221;4.24.3&#8243; _module_preset=&#8221;default&#8221; title_text_color=&#8221;#F05E39&#8243; body_text_color=&#8221;#A5A6B4&#8243; width=&#8221;80%&#8221; max_width=&#8221;80%&#8221; module_alignment=&#8221;center&#8221; custom_padding=&#8221;|20px||||&#8221; global_colors_info=&#8221;{}&#8221;]<\/p>\n<p>Les photos et vid\u00e9os produites sur l\u2019\u00e9v\u00e9nement devront \u00eatre publi\u00e9es sur les r\u00e9seaux sociaux avec le logo Focus Cosplay et les mentions des pages Focus Cosplay ainsi que les hashtags suivant #FocusCosplay et #FocusCosplay24<br \/>Un kit de communication vous sera fourni courant Aout.<\/p>\n<p>Nous vous incitons grandement \u00e0 taguer les lieux participants autant que possible, cela aide \u00e0 faire connaitre l&#8217;\u00e9v\u00e8nement aupr\u00e8s de nos partenaires.<br \/>Certain lieux ont des demandes sp\u00e9cifique quant au publications sur les r\u00e9seaux, nous vous invitons \u00e0 consulter les fiches individuelles via <a href=\"https:\/\/focuscosplay.fr\/lieux\/\">la page des lieux<\/a> pour en prendre connaissance.<\/p>\n<p>Vous pouvez communiquer sur votre participation d\u00e8s maintenant sur les r\u00e9seaux.<\/p>\n<p>[\/et_pb_toggle][\/et_pb_column][\/et_pb_row][\/et_pb_section]<\/p>\n","protected":false},"excerpt":{"rendered":"<p>Infos pratiques et F.A.Q.Qu\u2019est-ce que Focus Cosplay ? Focus Cosplay est la premi\u00e8re \u201cphotocon\u201d fran\u00e7aise dont le but est de r\u00e9unir cosplayers, photographes et vid\u00e9astes du monde entier et leur mettre \u00e0 disposition des lieux incroyables afin de r\u00e9aliser des shootings de qualit\u00e9. Cet \u00e9v\u00e8nement est organis\u00e9 par La Ligue des Cosplayers Extraordinaires, association Loi [&hellip;]<\/p>\n","protected":false},"author":3,"featured_media":0,"parent":0,"menu_order":0,"comment_status":"closed","ping_status":"closed","template":"","meta":{"_et_pb_use_builder":"on","_et_pb_old_content":"","_et_gb_content_width":"","footnotes":""},"wf_page_folders":[23],"class_list":["post-214391","page","type-page","status-publish","hentry"],"_links":{"self":[{"href":"https:\/\/focuscosplay.fr\/en\/wp-json\/wp\/v2\/pages\/214391","targetHints":{"allow":["GET"]}}],"collection":[{"href":"https:\/\/focuscosplay.fr\/en\/wp-json\/wp\/v2\/pages"}],"about":[{"href":"https:\/\/focuscosplay.fr\/en\/wp-json\/wp\/v2\/types\/page"}],"author":[{"embeddable":true,"href":"https:\/\/focuscosplay.fr\/en\/wp-json\/wp\/v2\/users\/3"}],"replies":[{"embeddable":true,"href":"https:\/\/focuscosplay.fr\/en\/wp-json\/wp\/v2\/comments?post=214391"}],"version-history":[{"count":66,"href":"https:\/\/focuscosplay.fr\/en\/wp-json\/wp\/v2\/pages\/214391\/revisions"}],"predecessor-version":[{"id":217960,"href":"https:\/\/focuscosplay.fr\/en\/wp-json\/wp\/v2\/pages\/214391\/revisions\/217960"}],"wp:attachment":[{"href":"https:\/\/focuscosplay.fr\/en\/wp-json\/wp\/v2\/media?parent=214391"}],"wp:term":[{"taxonomy":"wf_page_folders","embeddable":true,"href":"https:\/\/focuscosplay.fr\/en\/wp-json\/wp\/v2\/wf_page_folders?post=214391"}],"curies":[{"name":"wp","href":"https:\/\/api.w.org\/{rel}","templated":true}]}}