{"id":213944,"date":"2022-05-11T14:36:35","date_gmt":"2022-05-11T13:36:35","guid":{"rendered":"https:\/\/focuscosplay.fr\/register\/"},"modified":"2026-04-15T16:20:15","modified_gmt":"2026-04-15T15:20:15","slug":"register","status":"publish","type":"page","link":"https:\/\/focuscosplay.fr\/en\/register\/","title":{"rendered":"Register"},"content":{"rendered":"<p>[et_pb_section fb_built=&#8221;1&#8243; admin_label=&#8221;register&#8221; _builder_version=&#8221;4.17.3&#8243; _module_preset=&#8221;default&#8221; background_color=&#8221;RGBA(255,255,255,0)&#8221; global_colors_info=&#8221;{}&#8221;][et_pb_row column_structure=&#8221;1_2,1_2&#8243; admin_label=&#8221;title&#8221; _builder_version=&#8221;4.17.3&#8243; _module_preset=&#8221;default&#8221; width=&#8221;90%&#8221; max_width=&#8221;90%&#8221; global_colors_info=&#8221;{}&#8221;][et_pb_column type=&#8221;1_2&#8243; _builder_version=&#8221;4.17.3&#8243; _module_preset=&#8221;default&#8221; global_colors_info=&#8221;{}&#8221;][et_pb_text admin_label=&#8221;title&#8221; _builder_version=&#8221;4.24.3&#8243; _module_preset=&#8221;default&#8221; custom_margin=&#8221;|32px|0px|32px|false|false&#8221; global_colors_info=&#8221;{}&#8221;]<\/p>\n<h1>S&#8217;inscrire \u00e0 Focus Cosplay 2026<\/h1>\n<p>[\/et_pb_text][et_pb_divider color=&#8221;#F05E39&#8243; divider_weight=&#8221;2px&#8221; _builder_version=&#8221;4.21.0&#8243; _module_preset=&#8221;default&#8221; width=&#8221;15%&#8221; max_width=&#8221;15%&#8221; module_alignment=&#8221;left&#8221; custom_padding=&#8221;||2px|33%|false|false&#8221; global_colors_info=&#8221;{}&#8221;][\/et_pb_divider][\/et_pb_column][et_pb_column type=&#8221;1_2&#8243; _builder_version=&#8221;4.17.3&#8243; _module_preset=&#8221;default&#8221; global_colors_info=&#8221;{}&#8221;][\/et_pb_column][\/et_pb_row][et_pb_row disabled_on=&#8221;on|on|on&#8221; _builder_version=&#8221;4.17.4&#8243; _module_preset=&#8221;default&#8221; disabled=&#8221;on&#8221; global_colors_info=&#8221;{}&#8221;][et_pb_column type=&#8221;4_4&#8243; _builder_version=&#8221;4.17.4&#8243; _module_preset=&#8221;default&#8221; global_colors_info=&#8221;{}&#8221;][et_pb_text _builder_version=&#8221;4.27.4&#8243; _module_preset=&#8221;default&#8221; custom_padding=&#8221;0px|||||&#8221; global_colors_info=&#8221;{}&#8221;]<\/p>\n<p style=\"text-align: center;\"><strong>Les inscriptions sont d\u00e9sormais ouvertes pour l&#8217;\u00e9dition 2026 !<\/strong><\/p>\n<p style=\"text-align: center;\">A la cl\u00f4ture des inscriptions, un comit\u00e9 de s\u00e9lection choisira environ 150 cosplayers et photographes (tous confondus).<br \/>Les participants s\u00e9lectionn\u00e9s seront contact\u00e9s \u00e0 partir du 21 Avril.<\/p>\n<p style=\"text-align: center;\"><strong>Veillez \u00e0 bien lire le r\u00e8glement complet afin d&#8217;avoir toutes les informations n\u00e9cessaires \u00e0 votre participation en cas de s\u00e9lection.<\/strong><\/p>\n<p style=\"text-align: center;\">Pour toutes questions relatives \u00e0 votre participation, le r\u00e8glement de l&#8217;\u00e9v\u00e9nement ou autre, vous pouvez contacter l&#8217;\u00e9quipe organisatrice via <a href=\"mailto:contact@focuscosplay.fr\">contact@focuscosplay.fr<\/a><\/p>\n<p>[\/et_pb_text][et_pb_button button_url=&#8221;@ET-DC@eyJkeW5hbWljIjp0cnVlLCJjb250ZW50IjoicG9zdF9saW5rX3VybF9wYWdlIiwic2V0dGluZ3MiOnsicG9zdF9pZCI6IjIxMzc0NCJ9fQ==@&#8221; url_new_window=&#8221;on&#8221; button_text=&#8221;Consulter le r\u00e8glement 2026 pour Focus Cosplay&#8221; button_alignment=&#8221;center&#8221; admin_label=&#8221;Bouton regulation&#8221; _builder_version=&#8221;4.27.4&#8243; _dynamic_attributes=&#8221;button_url&#8221; _module_preset=&#8221;default&#8221; global_colors_info=&#8221;{}&#8221;][\/et_pb_button][\/et_pb_column][\/et_pb_row][et_pb_row _builder_version=&#8221;4.17.4&#8243; _module_preset=&#8221;default&#8221; global_colors_info=&#8221;{}&#8221;][et_pb_column type=&#8221;4_4&#8243; _builder_version=&#8221;4.17.4&#8243; _module_preset=&#8221;default&#8221; global_colors_info=&#8221;{}&#8221;][et_pb_divider _builder_version=&#8221;4.21.0&#8243; _module_preset=&#8221;default&#8221; global_colors_info=&#8221;{}&#8221;][\/et_pb_divider][\/et_pb_column][\/et_pb_row][et_pb_row disabled_on=&#8221;off|off|off&#8221; _builder_version=&#8221;4.17.4&#8243; _module_preset=&#8221;default&#8221; locked=&#8221;off&#8221; global_colors_info=&#8221;{}&#8221;][et_pb_column type=&#8221;4_4&#8243; _builder_version=&#8221;4.17.4&#8243; _module_preset=&#8221;default&#8221; global_colors_info=&#8221;{}&#8221;][et_pb_text admin_label=&#8221;En-tete bouton register (ouvert \/ ferm\u00e9)&#8221; _builder_version=&#8221;4.27.4&#8243; _module_preset=&#8221;default&#8221; hover_enabled=&#8221;0&#8243; global_colors_info=&#8221;{}&#8221; sticky_enabled=&#8221;0&#8243;]<\/p>\n<p style=\"text-align: center;\">Les inscriptions pour l&#8217;\u00e9dition 2026 sont d\u00e9sormais clotur\u00e9es !<\/p>\n<p>[\/et_pb_text][et_pb_button button_url=&#8221;@ET-DC@eyJkeW5hbWljIjp0cnVlLCJjb250ZW50IjoicG9zdF9saW5rX3VybF9wYWdlIiwic2V0dGluZ3MiOnsicG9zdF9pZCI6IjIxMzc0NCJ9fQ==@&#8221; url_new_window=&#8221;on&#8221; button_text=&#8221;Consulter le r\u00e8glement 2026 pour Focus Cosplay&#8221; button_alignment=&#8221;center&#8221; admin_label=&#8221;Bouton regulation&#8221; _builder_version=&#8221;4.27.4&#8243; _dynamic_attributes=&#8221;button_url&#8221; _module_preset=&#8221;default&#8221; global_colors_info=&#8221;{}&#8221;][\/et_pb_button][\/et_pb_column][\/et_pb_row][et_pb_row column_structure=&#8221;1_2,1_2&#8243; disabled_on=&#8221;on|on|on&#8221; _builder_version=&#8221;4.21.0&#8243; _module_preset=&#8221;default&#8221; display_conditions=&#8221;W10=&#8221; disabled=&#8221;on&#8221; global_colors_info=&#8221;{}&#8221;][et_pb_column type=&#8221;1_2&#8243; _builder_version=&#8221;4.21.0&#8243; _module_preset=&#8221;default&#8221; global_colors_info=&#8221;{}&#8221;][et_pb_button button_url=&#8221;https:\/\/focuscosplay.fr\/cosplayerregistration\/&#8221; button_text=&#8221;Inscription Cosplayer&#8221; button_alignment=&#8221;center&#8221; admin_label=&#8221;Bouton Inscription Cosplayer&#8221; _builder_version=&#8221;4.21.0&#8243; _module_preset=&#8221;default&#8221; global_colors_info=&#8221;{}&#8221;][\/et_pb_button][\/et_pb_column][et_pb_column type=&#8221;1_2&#8243; _builder_version=&#8221;4.17.4&#8243; _module_preset=&#8221;default&#8221; global_colors_info=&#8221;{}&#8221;][et_pb_button button_url=&#8221;https:\/\/focuscosplay.fr\/photographerregistration\/&#8221; button_text=&#8221;Inscription Photographe \/ Videaste&#8221; button_alignment=&#8221;center&#8221; admin_label=&#8221;Bouton Inscription Photographes Videastes&#8221; _builder_version=&#8221;4.27.4&#8243; _module_preset=&#8221;default&#8221; global_colors_info=&#8221;{}&#8221;][\/et_pb_button][\/et_pb_column][\/et_pb_row][et_pb_row _builder_version=&#8221;4.17.4&#8243; _module_preset=&#8221;default&#8221; global_colors_info=&#8221;{}&#8221;][et_pb_column type=&#8221;4_4&#8243; _builder_version=&#8221;4.17.4&#8243; _module_preset=&#8221;default&#8221; global_colors_info=&#8221;{}&#8221;][et_pb_text admin_label=&#8221;Social Network Text&#8221; _builder_version=&#8221;4.21.0&#8243; _module_preset=&#8221;default&#8221; global_colors_info=&#8221;{}&#8221;]<\/p>\n<p style=\"text-align: center;\">Vous pouvez suivre Focus Cosplay sur les r\u00e9seaux et <a href=\"https:\/\/liguecosplay.fr\/\">La Ligue des Cosplayers Extraordinaires<\/a> pour ne pas rater les futurs annonces !<\/p>\n<p style=\"text-align: center;\"><a href=\"https:\/\/www.instagram.com\/focus_cosplay\/\">Instagram<\/a>\u00a0 |\u00a0 <a href=\"https:\/\/www.facebook.com\/focuscosplay\">Facebook<\/a> |\u00a0 <a href=\"https:\/\/twitter.com\/FocusCosplay\">Tweeter<\/a><\/p>\n<p>[\/et_pb_text][\/et_pb_column][\/et_pb_row][\/et_pb_section]<\/p>\n","protected":false},"excerpt":{"rendered":"<p>S&#8217;inscrire \u00e0 Focus Cosplay 2026Les inscriptions sont d\u00e9sormais ouvertes pour l&#8217;\u00e9dition 2026 ! A la cl\u00f4ture des inscriptions, un comit\u00e9 de s\u00e9lection choisira environ 150 cosplayers et photographes (tous confondus).Les participants s\u00e9lectionn\u00e9s seront contact\u00e9s \u00e0 partir du 21 Avril. Veillez \u00e0 bien lire le r\u00e8glement complet afin d&#8217;avoir toutes les informations n\u00e9cessaires \u00e0 votre participation [&hellip;]<\/p>\n","protected":false},"author":2,"featured_media":0,"parent":0,"menu_order":0,"comment_status":"closed","ping_status":"closed","template":"","meta":{"_et_pb_use_builder":"on","_et_pb_old_content":"<p>[ultimatemember form_id=\"213938\"]<\/p>","_et_gb_content_width":"","footnotes":""},"wf_page_folders":[24],"class_list":["post-213944","page","type-page","status-publish","hentry"],"_links":{"self":[{"href":"https:\/\/focuscosplay.fr\/en\/wp-json\/wp\/v2\/pages\/213944","targetHints":{"allow":["GET"]}}],"collection":[{"href":"https:\/\/focuscosplay.fr\/en\/wp-json\/wp\/v2\/pages"}],"about":[{"href":"https:\/\/focuscosplay.fr\/en\/wp-json\/wp\/v2\/types\/page"}],"author":[{"embeddable":true,"href":"https:\/\/focuscosplay.fr\/en\/wp-json\/wp\/v2\/users\/2"}],"replies":[{"embeddable":true,"href":"https:\/\/focuscosplay.fr\/en\/wp-json\/wp\/v2\/comments?post=213944"}],"version-history":[{"count":48,"href":"https:\/\/focuscosplay.fr\/en\/wp-json\/wp\/v2\/pages\/213944\/revisions"}],"predecessor-version":[{"id":218032,"href":"https:\/\/focuscosplay.fr\/en\/wp-json\/wp\/v2\/pages\/213944\/revisions\/218032"}],"wp:attachment":[{"href":"https:\/\/focuscosplay.fr\/en\/wp-json\/wp\/v2\/media?parent=213944"}],"wp:term":[{"taxonomy":"wf_page_folders","embeddable":true,"href":"https:\/\/focuscosplay.fr\/en\/wp-json\/wp\/v2\/wf_page_folders?post=213944"}],"curies":[{"name":"wp","href":"https:\/\/api.w.org\/{rel}","templated":true}]}}